{"id":3805,"date":"2021-03-07T22:12:08","date_gmt":"2021-03-07T22:12:08","guid":{"rendered":"https:\/\/bcdaero.com\/es\/?page_id=3805"},"modified":"2021-07-12T21:32:29","modified_gmt":"2021-07-12T21:32:29","slug":"conocenos","status":"publish","type":"page","link":"https:\/\/bcdaero.com\/es\/conocenos\/","title":{"rendered":"Con\u00f3cenos"},"content":{"rendered":"\t\t<div data-elementor-type=\"wp-page\" data-elementor-id=\"3805\" class=\"elementor elementor-3805\" data-elementor-settings=\"{&quot;ha_cmc_init_switcher&quot;:&quot;no&quot;}\">\n\t\t\t\t\t\t<section class=\"elementor-section elementor-top-section elementor-element elementor-element-6b8a15f6 elementor-section-height-min-height elementor-section-full_width elementor-section-items-stretch ot-traditional elementor-section-height-default\" data-id=\"6b8a15f6\" data-element_type=\"section\" data-e-type=\"section\" data-settings=\"{&quot;_ha_eqh_enable&quot;:false}\">\n\t\t\t\t\t\t\t<div class=\"elementor-background-overlay\"><\/div>\n\t\t\t\t\t\t\t<div class=\"elementor-container elementor-column-gap-no\">\n\t\t\t\t\t<div class=\"elementor-column elementor-col-50 elementor-top-column elementor-element elementor-element-42fcdbcd ot-column-items-center ot-flex-column-vertical\" data-id=\"42fcdbcd\" data-element_type=\"column\" data-e-type=\"column\" data-settings=\"{&quot;background_background&quot;:&quot;classic&quot;}\">\n\t\t\t<div class=\"elementor-widget-wrap elementor-element-populated\">\n\t\t\t\t\t<div class=\"elementor-background-overlay\"><\/div>\n\t\t\t\t\t\t<section class=\"elementor-section elementor-inner-section elementor-element elementor-element-2be1f7ef ot-traditional elementor-section-boxed elementor-section-height-default elementor-section-height-default\" data-id=\"2be1f7ef\" data-element_type=\"section\" data-e-type=\"section\" data-settings=\"{&quot;_ha_eqh_enable&quot;:false}\">\n\t\t\t\t\t\t<div class=\"elementor-container elementor-column-gap-no\">\n\t\t\t\t\t<div class=\"elementor-column elementor-col-50 elementor-inner-column elementor-element elementor-element-70a7dc07 ot-column-items-center ot-flex-column-vertical\" data-id=\"70a7dc07\" data-element_type=\"column\" data-e-type=\"column\">\n\t\t\t<div class=\"elementor-widget-wrap elementor-element-populated\">\n\t\t\t\t\t\t<div class=\"elementor-element elementor-element-22edc840 elementor-widget elementor-widget-heading\" data-id=\"22edc840\" data-element_type=\"widget\" data-e-type=\"widget\" data-widget_type=\"heading.default\">\n\t\t\t\t<div class=\"elementor-widget-container\">\n\t\t\t\t\t<h3 class=\"elementor-heading-title elementor-size-medium\">\u00bfQui\u00e9nes somos? <\/h3>\t\t\t\t<\/div>\n\t\t\t\t<\/div>\n\t\t\t\t\t<\/div>\n\t\t<\/div>\n\t\t\t\t<div class=\"elementor-column elementor-col-50 elementor-inner-column elementor-element elementor-element-53414d95 ot-flex-column-vertical\" data-id=\"53414d95\" data-element_type=\"column\" data-e-type=\"column\">\n\t\t\t<div class=\"elementor-widget-wrap\">\n\t\t\t\t\t\t\t<\/div>\n\t\t<\/div>\n\t\t\t\t\t<\/div>\n\t\t<\/section>\n\t\t\t\t<div class=\"elementor-element elementor-element-130c7ff5 elementor-widget elementor-widget-heading\" data-id=\"130c7ff5\" data-element_type=\"widget\" data-e-type=\"widget\" data-widget_type=\"heading.default\">\n\t\t\t\t<div class=\"elementor-widget-container\">\n\t\t\t\t\t<h2 class=\"elementor-heading-title elementor-size-default\">CON\u00d3CENOS<\/h2>\t\t\t\t<\/div>\n\t\t\t\t<\/div>\n\t\t\t\t\t<\/div>\n\t\t<\/div>\n\t\t\t\t<div class=\"elementor-column elementor-col-50 elementor-top-column elementor-element elementor-element-729fad9a ot-column-items-center ot-flex-column-vertical\" data-id=\"729fad9a\" data-element_type=\"column\" data-e-type=\"column\" data-settings=\"{&quot;background_background&quot;:&quot;classic&quot;}\">\n\t\t\t<div class=\"elementor-widget-wrap elementor-element-populated\">\n\t\t\t\t\t\t<div class=\"elementor-element elementor-element-775f96f elementor-widget elementor-widget-text-editor\" data-id=\"775f96f\" data-element_type=\"widget\" data-e-type=\"widget\" data-widget_type=\"text-editor.default\">\n\t\t\t\t<div class=\"elementor-widget-container\">\n\t\t\t\t\t\t\t\t\t<div class=\"style=&quot;margin:\"><p><span data-contrast=\"auto\">Como empresa, estamos comprometidos con el desarrollo de soluciones innovadoras enfocadas a las industrias del transporte aerona\u0301utico. Nuestros productos son disen\u0303ados y desarrollados por un equipo de expertos en diversos campos y utilizan las ma\u0301s modernas tecnologi\u0301as y metodologi\u0301as de procesos.\u202f<\/span><span data-contrast=\"auto\">\u202f<\/span><\/p><p><span data-contrast=\"auto\">Brindamos a nuestros clientes informacio\u0301n valiosa y precisa en tiempo real, presentada a trave\u0301s de nuestros productos de alta calidad y sistemas web integrados, para que su equipo pueda tomar decisiones financieras y operativas sobre bases\u00a0<\/span><span data-contrast=\"auto\">s\u00f3lidas.<\/span><span data-contrast=\"auto\">\u202f<\/span><span data-contrast=\"auto\">\u202f<\/span><span data-ccp-props=\"{\">\u00a0<\/span><\/p><p><span data-contrast=\"auto\">Como equipo, contamos con ma\u0301s de 30 an\u0303os de experiencia en las industrias del transporte aerona\u0301utico, donde hemos atendido a ma\u0301s de 400 clientes, incluyendo algunas de las aeroli\u0301neas internacionales ma\u0301s reconocidas\u202fdel mundo,\u202f<\/span><span data-contrast=\"auto\">asi\u0301 como<\/span><span data-contrast=\"auto\">\u00a0empresas de\u202fcarga, profesionales de la aviacio\u0301n general, aeropuertos, instituciones de aerona\u0301utica civil, entre otros. Todo esto nos ha permitido adquirir el conocimiento de co\u0301mo abordar los problemas actuales de la industria y brindar soluciones que respondan eficazmente a cualquier desafi\u0301o.\u202f<\/span><span data-contrast=\"auto\">\u202f<\/span><span data-ccp-props=\"{\">\u00a0<\/span><\/p><p><span data-contrast=\"auto\">Gracias a una alianza estrate\u0301gica con empresas de desarrollo de software como GP Nauticals LLC, presentamos una suite completa de productos desarrollada con un equipo multidisciplinario compuesto por ingenieros de sistemas y telecomunicaciones, analistas financieros, contadores, abogados, capitanes experimentados, disen\u0303adores\u00a0<\/span><span data-contrast=\"auto\">gra\u0301ficos, analistas de negocios y juntos aportan una gran experiencia en el desarrollo e integracio\u0301n de sistemas de informacio\u0301n robustos que respaldan las operaciones de empresas aerona\u0301uticas<\/span><span style=\"font-family: Calibri, Calibri_EmbeddedFont, Calibri_MSFontService, sans-serif; font-size: 12pt; font-variant-ligatures: none; background-color: transparent; color: windowtext;\">.<\/span><\/p><\/div>\t\t\t\t\t\t\t\t<\/div>\n\t\t\t\t<\/div>\n\t\t\t\t\t<\/div>\n\t\t<\/div>\n\t\t\t\t\t<\/div>\n\t\t<\/section>\n\t\t\t\t<section class=\"elementor-section elementor-top-section elementor-element elementor-element-6859cc1d elementor-section-height-min-height ot-traditional elementor-section-boxed elementor-section-height-default elementor-section-items-middle\" data-id=\"6859cc1d\" data-element_type=\"section\" data-e-type=\"section\" data-settings=\"{&quot;background_background&quot;:&quot;classic&quot;,&quot;_ha_eqh_enable&quot;:false}\">\n\t\t\t\t\t\t\t<div class=\"elementor-background-overlay\"><\/div>\n\t\t\t\t\t\t\t<div class=\"elementor-container elementor-column-gap-default\">\n\t\t\t\t\t<div class=\"elementor-column elementor-col-100 elementor-top-column elementor-element elementor-element-4a0615e6 ot-flex-column-vertical\" data-id=\"4a0615e6\" data-element_type=\"column\" data-e-type=\"column\">\n\t\t\t<div class=\"elementor-widget-wrap elementor-element-populated\">\n\t\t\t\t\t\t<section class=\"elementor-section elementor-inner-section elementor-element elementor-element-7a05b0ad ot-traditional elementor-section-boxed elementor-section-height-default elementor-section-height-default\" data-id=\"7a05b0ad\" data-element_type=\"section\" data-e-type=\"section\" data-settings=\"{&quot;_ha_eqh_enable&quot;:false}\">\n\t\t\t\t\t\t<div class=\"elementor-container elementor-column-gap-default\">\n\t\t\t\t\t<div class=\"elementor-column elementor-col-33 elementor-inner-column elementor-element elementor-element-7e58e84e ot-flex-column-vertical\" data-id=\"7e58e84e\" data-element_type=\"column\" data-e-type=\"column\">\n\t\t\t<div class=\"elementor-widget-wrap elementor-element-populated\">\n\t\t\t\t\t\t<div class=\"elementor-element elementor-element-40cc81cb elementor-widget elementor-widget-image\" data-id=\"40cc81cb\" data-element_type=\"widget\" data-e-type=\"widget\" data-widget_type=\"image.default\">\n\t\t\t\t<div class=\"elementor-widget-container\">\n\t\t\t\t\t\t\t\t\t\t\t\t\t\t\t<img decoding=\"async\" src=\"https:\/\/bcdaero.com\/es\/wp-content\/uploads\/elementor\/thumbs\/founder-p49am4we641zqykch2si7o24pjiqyxrwkz7r7u47o0.jpg\" title=\"founder\" alt=\"founder\" loading=\"lazy\" \/>\t\t\t\t\t\t\t\t\t\t\t\t\t\t\t<\/div>\n\t\t\t\t<\/div>\n\t\t\t\t<div class=\"elementor-element elementor-element-62cdc814 elementor-widget elementor-widget-heading\" data-id=\"62cdc814\" data-element_type=\"widget\" data-e-type=\"widget\" data-widget_type=\"heading.default\">\n\t\t\t\t<div class=\"elementor-widget-container\">\n\t\t\t\t\t<h3 class=\"elementor-heading-title elementor-size-default\">Alberto Lovera<\/h3>\t\t\t\t<\/div>\n\t\t\t\t<\/div>\n\t\t\t\t<div class=\"elementor-element elementor-element-3867c62 elementor-widget elementor-widget-heading\" data-id=\"3867c62\" data-element_type=\"widget\" data-e-type=\"widget\" data-widget_type=\"heading.default\">\n\t\t\t\t<div class=\"elementor-widget-container\">\n\t\t\t\t\t<h2 class=\"elementor-heading-title elementor-size-default\">Fundador<\/h2>\t\t\t\t<\/div>\n\t\t\t\t<\/div>\n\t\t\t\t<div class=\"elementor-element elementor-element-5bed2232 elementor-widget elementor-widget-text-editor\" data-id=\"5bed2232\" data-element_type=\"widget\" data-e-type=\"widget\" data-widget_type=\"text-editor.default\">\n\t\t\t\t<div class=\"elementor-widget-container\">\n\t\t\t\t\t\t\t\t\t<p><span class=\"TextRun BCX0 SCXW148335327\" lang=\"ES-ES\" xml:lang=\"ES-ES\" data-contrast=\"auto\"><span class=\"NormalTextRun BCX0 SCXW148335327\">Piloto\u202fde\u202fprueba\u202fe instructor de F-16, F-5 y <\/span><\/span><span class=\"TextRun BCX0 SCXW148335327\" lang=\"ES-ES\" xml:lang=\"ES-ES\" data-contrast=\"auto\"><span class=\"NormalTextRun BCX0 SCXW148335327\">T-2C \u202fsiendo\u202fcalificado\u202fen\u202f3 portaviones\u202fUS NAVY. <\/span><\/span><span class=\"TextRun BCX0 SCXW148335327\" lang=\"ES-ES\" xml:lang=\"ES-ES\" data-contrast=\"auto\"><span class=\"NormalTextRun BCX0 SCXW148335327\">M\u00e1s de<\/span><\/span><span class=\"TextRun BCX0 SCXW148335327\" lang=\"ES-ES\" xml:lang=\"ES-ES\" data-contrast=\"auto\"><span class=\"NormalTextRun BCX0 SCXW148335327\">\u00a05<\/span><\/span><span class=\"TextRun BCX0 SCXW148335327\" lang=\"ES-ES\" xml:lang=\"ES-ES\" data-contrast=\"auto\"><span class=\"NormalTextRun BCX0 SCXW148335327\">.<\/span><\/span><span class=\"TextRun BCX0 SCXW148335327\" lang=\"ES-ES\" xml:lang=\"ES-ES\" data-contrast=\"auto\"><span class=\"NormalTextRun BCX0 SCXW148335327\">000 horas de\u202fvuelo\u202fy 40 \u202fa\u00f1os \u202fde\u202fexperiencia\u202fen <\/span><\/span><span class=\"TextRun BCX0 SCXW148335327\" lang=\"ES-ES\" xml:lang=\"ES-ES\" data-contrast=\"auto\"><span class=\"NormalTextRun BCX0 SCXW148335327\">operaciones\u202fa<\/span><\/span><span class=\"TextRun BCX0 SCXW148335327\" lang=\"ES-ES\" xml:lang=\"ES-ES\" data-contrast=\"auto\"><span class=\"NormalTextRun BCX0 SCXW148335327\">\u00e9<\/span><\/span><span class=\"TextRun BCX0 SCXW148335327\" lang=\"ES-ES\" xml:lang=\"ES-ES\" data-contrast=\"auto\"><span class=\"NormalTextRun BCX0 SCXW148335327\">reas \u202finternacionales, <\/span><\/span><span class=\"TextRun BCX0 SCXW148335327\" lang=\"ES-ES\" xml:lang=\"ES-ES\" data-contrast=\"auto\"><span class=\"NormalTextRun BCX0 SCXW148335327\">en\u202f<\/span><\/span><span class=\"TextRun BCX0 SCXW148335327\" lang=\"ES-ES\" xml:lang=\"ES-ES\" data-contrast=\"auto\"><span class=\"NormalTextRun BCX0 SCXW148335327\">m\u00e1s de<\/span><\/span><span class=\"TextRun BCX0 SCXW148335327\" lang=\"ES-ES\" xml:lang=\"ES-ES\" data-contrast=\"auto\"><span class=\"NormalTextRun BCX0 SCXW148335327\"> 20\u202fpa\u00edses. \u202fExperto \u202fen\u202f Seguridad\u202f a\u00e9rea\u202fy Terrestre e \u202finvestigaci\u00f3n\u202fde\u202f Accidentes \u202fcon una\u202fmaestr\u00eda\u202fen administraci\u00f3n\u202f de \u202fempresas.<\/span><\/span><\/p>\t\t\t\t\t\t\t\t<\/div>\n\t\t\t\t<\/div>\n\t\t\t\t\t<\/div>\n\t\t<\/div>\n\t\t\t\t<div class=\"elementor-column elementor-col-33 elementor-inner-column elementor-element elementor-element-ba88bbc ot-flex-column-vertical\" data-id=\"ba88bbc\" data-element_type=\"column\" data-e-type=\"column\">\n\t\t\t<div class=\"elementor-widget-wrap elementor-element-populated\">\n\t\t\t\t\t\t<div class=\"elementor-element elementor-element-a66f0cd elementor-widget elementor-widget-image\" data-id=\"a66f0cd\" data-element_type=\"widget\" data-e-type=\"widget\" data-widget_type=\"image.default\">\n\t\t\t\t<div class=\"elementor-widget-container\">\n\t\t\t\t\t\t\t\t\t\t\t\t\t\t\t<img decoding=\"async\" src=\"https:\/\/bcdaero.com\/es\/wp-content\/uploads\/elementor\/thumbs\/cofounder-p49am3yjza0pfclpmkdvn6ao45ndr8o68uk9qk5lu8.jpg\" title=\"cofounder\" alt=\"cofounder\" loading=\"lazy\" \/>\t\t\t\t\t\t\t\t\t\t\t\t\t\t\t<\/div>\n\t\t\t\t<\/div>\n\t\t\t\t<div class=\"elementor-element elementor-element-b081355 elementor-widget elementor-widget-heading\" data-id=\"b081355\" data-element_type=\"widget\" data-e-type=\"widget\" data-widget_type=\"heading.default\">\n\t\t\t\t<div class=\"elementor-widget-container\">\n\t\t\t\t\t<h3 class=\"elementor-heading-title elementor-size-default\">Angel Lovera<\/h3>\t\t\t\t<\/div>\n\t\t\t\t<\/div>\n\t\t\t\t<div class=\"elementor-element elementor-element-098a163 elementor-widget elementor-widget-heading\" data-id=\"098a163\" data-element_type=\"widget\" data-e-type=\"widget\" data-widget_type=\"heading.default\">\n\t\t\t\t<div class=\"elementor-widget-container\">\n\t\t\t\t\t<h2 class=\"elementor-heading-title elementor-size-default\">Co Fundador<\/h2>\t\t\t\t<\/div>\n\t\t\t\t<\/div>\n\t\t\t\t<div class=\"elementor-element elementor-element-6eb3ada elementor-widget elementor-widget-text-editor\" data-id=\"6eb3ada\" data-element_type=\"widget\" data-e-type=\"widget\" data-widget_type=\"text-editor.default\">\n\t\t\t\t<div class=\"elementor-widget-container\">\n\t\t\t\t\t\t\t\t\t<p><span class=\"TextRun SCXW155569368 BCX0\" lang=\"ES-ES\" xml:lang=\"ES-ES\" data-contrast=\"auto\"><span class=\"NormalTextRun SCXW155569368 BCX0\">Piloto\u202fde\u202fcombate\u202fy\u202fejecutivo\u202fcon m\u00e1s de 5.000 horas\u00a0 de\u202fvuelo\u202fen\u202faviones\u202fcomo\u202f<\/span><\/span><span class=\"TextRun SCXW155569368 BCX0\" lang=\"ES-ES\" xml:lang=\"ES-ES\" data-contrast=\"auto\"><span class=\"NormalTextRun SpellingErrorV2 SCXW155569368 BCX0\">Gulf-stream<\/span><\/span><span class=\"TextRun SCXW155569368 BCX0\" lang=\"ES-ES\" xml:lang=\"ES-ES\" data-contrast=\"auto\"><span class=\"NormalTextRun SCXW155569368 BCX0\"> G550, <\/span><\/span><span class=\"TextRun SCXW155569368 BCX0\" lang=\"ES-ES\" xml:lang=\"ES-ES\" data-contrast=\"auto\"><span class=\"NormalTextRun SpellingErrorV2 SCXW155569368 BCX0\">Citation<\/span><\/span><span class=\"TextRun SCXW155569368 BCX0\" lang=\"ES-ES\" xml:lang=\"ES-ES\" data-contrast=\"auto\"><span class=\"NormalTextRun SCXW155569368 BCX0\">\u00a0XLS,\u00a0<\/span><\/span><span class=\"TextRun SCXW155569368 BCX0\" lang=\"ES-ES\" xml:lang=\"ES-ES\" data-contrast=\"auto\"><span class=\"NormalTextRun SpellingErrorV2 SCXW155569368 BCX0\">Challenger<\/span><\/span><span class=\"TextRun SCXW155569368 BCX0\" lang=\"ES-ES\" xml:lang=\"ES-ES\" data-contrast=\"auto\"><span class=\"NormalTextRun SCXW155569368 BCX0\"> 601 y King Air 350. M\u00e1s de 15\u202f a\u00f1os\u202f de \u202fexperiencia\u202fen\u202foperaciones\u202fa\u00e9reas\u202fen\u202fm\u00e1s de 30\u202fpa\u00edses\u202fe\u202finnovaci\u00f3n\u202fde\u202fproductos\u202fen\u202fel sector\u202faeron\u00e1utico. M\u00e1s de 6 \u202fa\u00f1os \u202fde\u202f experiencia\u202f en\u202f el Desarrollo de software\u00a0 para\u202f aeropuertos \u202fy\u202f departamentos\u202fde\u202fvuelo.<\/span><\/span><\/p>\t\t\t\t\t\t\t\t<\/div>\n\t\t\t\t<\/div>\n\t\t\t\t\t<\/div>\n\t\t<\/div>\n\t\t\t\t<div class=\"elementor-column elementor-col-33 elementor-inner-column elementor-element elementor-element-345a037 ot-flex-column-vertical\" data-id=\"345a037\" data-element_type=\"column\" data-e-type=\"column\">\n\t\t\t<div class=\"elementor-widget-wrap elementor-element-populated\">\n\t\t\t\t\t\t<div class=\"elementor-element elementor-element-e934b6e elementor-widget elementor-widget-image\" data-id=\"e934b6e\" data-element_type=\"widget\" data-e-type=\"widget\" data-widget_type=\"image.default\">\n\t\t\t\t<div class=\"elementor-widget-container\">\n\t\t\t\t\t\t\t\t\t\t\t\t\t\t\t<img decoding=\"async\" src=\"https:\/\/bcdaero.com\/es\/wp-content\/uploads\/elementor\/thumbs\/Screen-Shot-2021-03-16-at-11.01.48-AM-p4awqsx1norbluukrn77dl9zjp13s1ioapvuwzaqxc.png\" title=\"Screen Shot 2021-03-16 at 11.01.48 AM\" alt=\"Screen Shot 2021-03-16 at 11.01.48 AM\" loading=\"lazy\" \/>\t\t\t\t\t\t\t\t\t\t\t\t\t\t\t<\/div>\n\t\t\t\t<\/div>\n\t\t\t\t<div class=\"elementor-element elementor-element-b7722cd elementor-widget elementor-widget-heading\" data-id=\"b7722cd\" data-element_type=\"widget\" data-e-type=\"widget\" data-widget_type=\"heading.default\">\n\t\t\t\t<div class=\"elementor-widget-container\">\n\t\t\t\t\t<h3 class=\"elementor-heading-title elementor-size-default\">Elena Romero de Lovera<\/h3>\t\t\t\t<\/div>\n\t\t\t\t<\/div>\n\t\t\t\t<div class=\"elementor-element elementor-element-b8b9e1c elementor-widget elementor-widget-heading\" data-id=\"b8b9e1c\" data-element_type=\"widget\" data-e-type=\"widget\" data-widget_type=\"heading.default\">\n\t\t\t\t<div class=\"elementor-widget-container\">\n\t\t\t\t\t<h2 class=\"elementor-heading-title elementor-size-default\">Co Fundador<\/h2>\t\t\t\t<\/div>\n\t\t\t\t<\/div>\n\t\t\t\t<div class=\"elementor-element elementor-element-a33da15 elementor-widget elementor-widget-text-editor\" data-id=\"a33da15\" data-element_type=\"widget\" data-e-type=\"widget\" data-widget_type=\"text-editor.default\">\n\t\t\t\t<div class=\"elementor-widget-container\">\n\t\t\t\t\t\t\t\t\t<div>Administradora y Abogada con m\u00e1s de 30 a\u00f1os de experiencia en administraci\u00f3n y asesor\u00eda legal de empresas con una amplia trayectoria en atenci\u00f3n al cliente. Especialista en Derecho Internacional con Maestr\u00eda en American university, Washington D.C.<\/div>\t\t\t\t\t\t\t\t<\/div>\n\t\t\t\t<\/div>\n\t\t\t\t\t<\/div>\n\t\t<\/div>\n\t\t\t\t\t<\/div>\n\t\t<\/section>\n\t\t\t\t\t<\/div>\n\t\t<\/div>\n\t\t\t\t\t<\/div>\n\t\t<\/section>\n\t\t\t\t<section class=\"elementor-section elementor-top-section elementor-element elementor-element-e7b1ac5 ot-traditional elementor-section-boxed elementor-section-height-default elementor-section-height-default\" data-id=\"e7b1ac5\" data-element_type=\"section\" data-e-type=\"section\" data-settings=\"{&quot;_ha_eqh_enable&quot;:false}\">\n\t\t\t\t\t\t<div class=\"elementor-container elementor-column-gap-default\">\n\t\t\t\t\t<div class=\"elementor-column elementor-col-100 elementor-top-column elementor-element elementor-element-b808e33 ot-flex-column-vertical\" data-id=\"b808e33\" data-element_type=\"column\" data-e-type=\"column\">\n\t\t\t<div class=\"elementor-widget-wrap elementor-element-populated\">\n\t\t\t\t\t\t<div class=\"elementor-element elementor-element-f676456 elementor-widget elementor-widget-shortcode\" data-id=\"f676456\" data-element_type=\"widget\" data-e-type=\"widget\" data-widget_type=\"shortcode.default\">\n\t\t\t\t<div class=\"elementor-widget-container\">\n\t\t\t\t\t\t\t<div class=\"elementor-shortcode\"><script type=\"text\/javascript\" src=\"https:\/\/app.getresponse.com\/view_webform_v2.js?u=GUwDA&webforms_id=h9EnS\" data-webform-id=\"h9EnS\"><\/script><\/div>\n\t\t\t\t\t\t<\/div>\n\t\t\t\t<\/div>\n\t\t\t\t\t<\/div>\n\t\t<\/div>\n\t\t\t\t\t<\/div>\n\t\t<\/section>\n\t\t\t\t<\/div>\n\t\t","protected":false},"excerpt":{"rendered":"<p>\u00bfQui\u00e9nes somos? CON\u00d3CENOS Como empresa, estamos comprometidos con el desarrollo de soluciones innovadoras enfocadas a las industrias del transporte aerona\u0301utico. Nuestros productos son disen\u0303ados y desarrollados por un equipo de expertos en diversos campos y utilizan las ma\u0301s modernas tecnologi\u0301as y metodologi\u0301as de procesos.\u202f\u202f Brindamos a nuestros clientes informacio\u0301n valiosa y precisa en tiempo real, [&hellip;]<\/p>\n","protected":false},"author":1,"featured_media":0,"parent":0,"menu_order":0,"comment_status":"closed","ping_status":"closed","template":"","meta":{"footnotes":""},"class_list":["post-3805","page","type-page","status-publish","hentry"],"_links":{"self":[{"href":"https:\/\/bcdaero.com\/es\/wp-json\/wp\/v2\/pages\/3805","targetHints":{"allow":["GET"]}}],"collection":[{"href":"https:\/\/bcdaero.com\/es\/wp-json\/wp\/v2\/pages"}],"about":[{"href":"https:\/\/bcdaero.com\/es\/wp-json\/wp\/v2\/types\/page"}],"author":[{"embeddable":true,"href":"https:\/\/bcdaero.com\/es\/wp-json\/wp\/v2\/users\/1"}],"replies":[{"embeddable":true,"href":"https:\/\/bcdaero.com\/es\/wp-json\/wp\/v2\/comments?post=3805"}],"version-history":[{"count":38,"href":"https:\/\/bcdaero.com\/es\/wp-json\/wp\/v2\/pages\/3805\/revisions"}],"predecessor-version":[{"id":5466,"href":"https:\/\/bcdaero.com\/es\/wp-json\/wp\/v2\/pages\/3805\/revisions\/5466"}],"wp:attachment":[{"href":"https:\/\/bcdaero.com\/es\/wp-json\/wp\/v2\/media?parent=3805"}],"curies":[{"name":"wp","href":"https:\/\/api.w.org\/{rel}","templated":true}]}}