{"id":3809,"date":"2021-03-07T22:12:41","date_gmt":"2021-03-07T22:12:41","guid":{"rendered":"https:\/\/bcdaero.com\/es\/?page_id=3809"},"modified":"2021-07-12T21:38:35","modified_gmt":"2021-07-12T21:38:35","slug":"servicios","status":"publish","type":"page","link":"https:\/\/bcdaero.com\/es\/servicios\/","title":{"rendered":"Servicios"},"content":{"rendered":"\t\t<div data-elementor-type=\"wp-page\" data-elementor-id=\"3809\" class=\"elementor elementor-3809\" data-elementor-settings=\"{&quot;ha_cmc_init_switcher&quot;:&quot;no&quot;}\">\n\t\t\t\t\t\t<section class=\"elementor-section elementor-top-section elementor-element elementor-element-4609c485 elementor-section-height-min-height ot-traditional elementor-section-boxed elementor-section-height-default elementor-section-items-middle\" data-id=\"4609c485\" data-element_type=\"section\" data-e-type=\"section\" data-settings=\"{&quot;background_background&quot;:&quot;classic&quot;,&quot;_ha_eqh_enable&quot;:false}\">\n\t\t\t\t\t\t\t<div class=\"elementor-background-overlay\"><\/div>\n\t\t\t\t\t\t\t<div class=\"elementor-container elementor-column-gap-default\">\n\t\t\t\t\t<div class=\"elementor-column elementor-col-100 elementor-top-column elementor-element elementor-element-2154260c ot-column-items-center ot-flex-column-vertical\" data-id=\"2154260c\" data-element_type=\"column\" data-e-type=\"column\">\n\t\t\t<div class=\"elementor-widget-wrap elementor-element-populated\">\n\t\t\t\t\t\t<div class=\"elementor-element elementor-element-6f57d182 animated-fast elementor-invisible elementor-widget elementor-widget-heading\" data-id=\"6f57d182\" data-element_type=\"widget\" data-e-type=\"widget\" data-settings=\"{&quot;_animation&quot;:&quot;fadeInUp&quot;,&quot;_animation_delay&quot;:300}\" data-widget_type=\"heading.default\">\n\t\t\t\t<div class=\"elementor-widget-container\">\n\t\t\t\t\t<h3 class=\"elementor-heading-title elementor-size-default\">Somos mucho m\u00e1s...<\/h3>\t\t\t\t<\/div>\n\t\t\t\t<\/div>\n\t\t\t\t<div class=\"elementor-element elementor-element-7b4d8a3f animated-fast elementor-invisible elementor-widget elementor-widget-heading\" data-id=\"7b4d8a3f\" data-element_type=\"widget\" data-e-type=\"widget\" data-settings=\"{&quot;_animation&quot;:&quot;fadeInUp&quot;,&quot;_animation_delay&quot;:500}\" data-widget_type=\"heading.default\">\n\t\t\t\t<div class=\"elementor-widget-container\">\n\t\t\t\t\t<h2 class=\"elementor-heading-title elementor-size-default\">Nuestros servicios<\/h2>\t\t\t\t<\/div>\n\t\t\t\t<\/div>\n\t\t\t\t<div class=\"elementor-element elementor-element-22fb4db7 envato-kit-140-material-button elementor-align-center elementor-invisible elementor-widget elementor-widget-button\" data-id=\"22fb4db7\" data-element_type=\"widget\" data-e-type=\"widget\" data-settings=\"{&quot;_animation&quot;:&quot;fadeInUp&quot;,&quot;_animation_delay&quot;:900}\" data-widget_type=\"button.default\">\n\t\t\t\t<div class=\"elementor-widget-container\">\n\t\t\t\t\t\t\t\t\t<div class=\"elementor-button-wrapper\">\n\t\t\t\t\t<a class=\"elementor-button elementor-button-link elementor-size-md elementor-animation-push\" href=\"#servicio\">\n\t\t\t\t\t\t<span class=\"elementor-button-content-wrapper\">\n\t\t\t\t\t\t<span class=\"elementor-button-icon\">\n\t\t\t\t<i aria-hidden=\"true\" class=\"fas fa-long-arrow-alt-down\"><\/i>\t\t\t<\/span>\n\t\t\t\t\t\t\t\t\t<span class=\"elementor-button-text\">Ver m\u00e1s<\/span>\n\t\t\t\t\t<\/span>\n\t\t\t\t\t<\/a>\n\t\t\t\t<\/div>\n\t\t\t\t\t\t\t\t<\/div>\n\t\t\t\t<\/div>\n\t\t\t\t\t<\/div>\n\t\t<\/div>\n\t\t\t\t\t<\/div>\n\t\t<\/section>\n\t\t\t\t<section class=\"elementor-section elementor-top-section elementor-element elementor-element-ceb6a7e ot-traditional elementor-section-boxed elementor-section-height-default elementor-section-height-default\" data-id=\"ceb6a7e\" data-element_type=\"section\" data-e-type=\"section\" data-settings=\"{&quot;_ha_eqh_enable&quot;:false}\">\n\t\t\t\t\t\t<div class=\"elementor-container elementor-column-gap-default\">\n\t\t\t\t\t<div class=\"elementor-column elementor-col-100 elementor-top-column elementor-element elementor-element-fd8a6b3 ot-flex-column-vertical\" data-id=\"fd8a6b3\" data-element_type=\"column\" data-e-type=\"column\">\n\t\t\t<div class=\"elementor-widget-wrap elementor-element-populated\">\n\t\t\t\t\t\t<div class=\"elementor-element elementor-element-325a2fd elementor-widget elementor-widget-menu-anchor\" data-id=\"325a2fd\" data-element_type=\"widget\" data-e-type=\"widget\" data-widget_type=\"menu-anchor.default\">\n\t\t\t\t<div class=\"elementor-widget-container\">\n\t\t\t\t\t\t\t<div class=\"elementor-menu-anchor\" id=\"servicio\"><\/div>\n\t\t\t\t\t\t<\/div>\n\t\t\t\t<\/div>\n\t\t\t\t<div class=\"elementor-element elementor-element-dc058dd elementor-widget elementor-widget-spacer\" data-id=\"dc058dd\" data-element_type=\"widget\" data-e-type=\"widget\" data-widget_type=\"spacer.default\">\n\t\t\t\t<div class=\"elementor-widget-container\">\n\t\t\t\t\t\t\t<div class=\"elementor-spacer\">\n\t\t\t<div class=\"elementor-spacer-inner\"><\/div>\n\t\t<\/div>\n\t\t\t\t\t\t<\/div>\n\t\t\t\t<\/div>\n\t\t\t\t\t<\/div>\n\t\t<\/div>\n\t\t\t\t\t<\/div>\n\t\t<\/section>\n\t\t\t\t<section class=\"elementor-section elementor-inner-section elementor-element elementor-element-4fa19761 ot-traditional elementor-section-boxed elementor-section-height-default elementor-section-height-default\" data-id=\"4fa19761\" data-element_type=\"section\" data-e-type=\"section\" data-settings=\"{&quot;_ha_eqh_enable&quot;:false}\">\n\t\t\t\t\t\t\t<div class=\"elementor-background-overlay\"><\/div>\n\t\t\t\t\t\t\t<div class=\"elementor-container elementor-column-gap-default\">\n\t\t\t\t\t<div class=\"elementor-column elementor-col-50 elementor-inner-column elementor-element elementor-element-3a570d4a ot-flex-column-vertical\" data-id=\"3a570d4a\" data-element_type=\"column\" data-e-type=\"column\">\n\t\t\t<div class=\"elementor-widget-wrap elementor-element-populated\">\n\t\t\t\t\t\t<div class=\"elementor-element elementor-element-0f6900d elementor-widget elementor-widget-iiconbox1\" data-id=\"0f6900d\" data-element_type=\"widget\" data-e-type=\"widget\" data-widget_type=\"iiconbox1.default\">\n\t\t\t\t<div class=\"elementor-widget-container\">\n\t\t\t\t\t\t\t<div class=\"icon-box-s1\">\r\n\t\t\t<div class=\"icon-main\">\r\n\t\t        <i aria-hidden=\"true\" class=\"icon icon-Computer\"><\/i>\t\t\t    \t\t        \t        <\/div>\r\n\t        <h5>Desarrollo de software de aviaci\u00f3n<\/br><p style=\"font-size:15px\">\u201cEl compa\u00f1ero perfecto de los pilotos\u201d<\/p><\/h5>\r\n\t        <div class=\"line-box\"><\/div>\r\n\t        <p>Perm\u00edtanos desarrollar una aplicaci\u00f3n especializada seg\u00fan sus requerimientos espec\u00edficos para iPhone, iPad, Android o cualquier otro sistema.\u202fLe garantizamos que obtendr\u00e1 la mejor soluci\u00f3n para su departamento de vuelo, FBO, proveedor de servicios, charter, aerol\u00ednea privada, militar o comercial. <\/p>\r\n\t    <\/div>\r\n\t    \t\t\t\t<\/div>\n\t\t\t\t<\/div>\n\t\t\t\t<div class=\"elementor-element elementor-element-5aadfe6 elementor-widget elementor-widget-spacer\" data-id=\"5aadfe6\" data-element_type=\"widget\" data-e-type=\"widget\" data-widget_type=\"spacer.default\">\n\t\t\t\t<div class=\"elementor-widget-container\">\n\t\t\t\t\t\t\t<div class=\"elementor-spacer\">\n\t\t\t<div class=\"elementor-spacer-inner\"><\/div>\n\t\t<\/div>\n\t\t\t\t\t\t<\/div>\n\t\t\t\t<\/div>\n\t\t\t\t<div class=\"elementor-element elementor-element-9c2f6a3 elementor-widget elementor-widget-iiconbox1\" data-id=\"9c2f6a3\" data-element_type=\"widget\" data-e-type=\"widget\" data-widget_type=\"iiconbox1.default\">\n\t\t\t\t<div class=\"elementor-widget-container\">\n\t\t\t\t\t\t\t<div class=\"icon-box-s1\">\r\n\t\t\t<div class=\"icon-main\">\r\n\t\t        \t\t\t    \t\t        <span class=\"flaticon-tablet\"><\/span>\t        <\/div>\r\n\t        <h5>Planificaci\u00f3n completa de viajes<\/br><p style=\"font-size:15px\">\u201cConf\u00ede en nuestro empuje\u201d<\/p><\/h5>\r\n\t        <div class=\"line-box\"><\/div>\r\n\t        <p>Perm\u00edtanos planificar su viaje por usted.\u202fEn BCDA nos encargamos de todos los permisos, manejo y tr\u00e1mites necesarios para organizar sus viajes a cualquier parte del mundo.\nReciba un un soporte 24\/7 en viajes internacionales y si\u00e9ntase seguro de que nos encargaremos eficientemente de todo por usted.  <\/p>\r\n\t    <\/div>\r\n\t    \t\t\t\t<\/div>\n\t\t\t\t<\/div>\n\t\t\t\t<div class=\"elementor-element elementor-element-47f309ba elementor-widget elementor-widget-spacer\" data-id=\"47f309ba\" data-element_type=\"widget\" data-e-type=\"widget\" data-widget_type=\"spacer.default\">\n\t\t\t\t<div class=\"elementor-widget-container\">\n\t\t\t\t\t\t\t<div class=\"elementor-spacer\">\n\t\t\t<div class=\"elementor-spacer-inner\"><\/div>\n\t\t<\/div>\n\t\t\t\t\t\t<\/div>\n\t\t\t\t<\/div>\n\t\t\t\t<div class=\"elementor-element elementor-element-f36506c elementor-widget elementor-widget-iiconbox1\" data-id=\"f36506c\" data-element_type=\"widget\" data-e-type=\"widget\" data-widget_type=\"iiconbox1.default\">\n\t\t\t\t<div class=\"elementor-widget-container\">\n\t\t\t\t\t\t\t<div class=\"icon-box-s1\">\r\n\t\t\t<div class=\"icon-main\">\r\n\t\t        <i aria-hidden=\"true\" class=\"icon icon-oil-bottle\"><\/i>\t\t\t    \t\t        \t        <\/div>\r\n\t        <h5>Soluci\u00f3n mundial de combustible<\/br><p style=\"font-size:15px\">\u201cCompare y decida\u201d<\/p><\/h5>\r\n\t        <div class=\"line-box\"><\/div>\r\n\t        <p>Ofrecemos soluciones de combustible en todo el mundo, con nuestros proveedores y socios premium podemos garantizarle que tendr\u00e1 el mejor servicio por menos valor.<\/p>\r\n\t    <\/div>\r\n\t    \t\t\t\t<\/div>\n\t\t\t\t<\/div>\n\t\t\t\t<div class=\"elementor-element elementor-element-7eabe5f7 elementor-widget elementor-widget-spacer\" data-id=\"7eabe5f7\" data-element_type=\"widget\" data-e-type=\"widget\" data-widget_type=\"spacer.default\">\n\t\t\t\t<div class=\"elementor-widget-container\">\n\t\t\t\t\t\t\t<div class=\"elementor-spacer\">\n\t\t\t<div class=\"elementor-spacer-inner\"><\/div>\n\t\t<\/div>\n\t\t\t\t\t\t<\/div>\n\t\t\t\t<\/div>\n\t\t\t\t<div class=\"elementor-element elementor-element-2aa25b2 elementor-widget elementor-widget-iiconbox1\" data-id=\"2aa25b2\" data-element_type=\"widget\" data-e-type=\"widget\" data-widget_type=\"iiconbox1.default\">\n\t\t\t\t<div class=\"elementor-widget-container\">\n\t\t\t\t\t\t\t<div class=\"icon-box-s1\">\r\n\t\t\t<div class=\"icon-main\">\r\n\t\t        <i aria-hidden=\"true\" class=\"hm hm-plane\"><\/i>\t\t\t    \t\t        \t        <\/div>\r\n\t        <h5>Consultor\u00eda experta en venta de aviones<\/br><p style=\"font-size:15px\">\u201cApunte alto y vuele aun m\u00e1s alto\u201d<\/p><\/h5>\r\n\t        <div class=\"line-box\"><\/div>\r\n\t        <p>\nSi est\u00e1 comprando o vendiendo, podemos brindarle consultor\u00eda basada en a\u00f1os de experiencia en el sector aeron\u00e1utico para que su elecci\u00f3n sea la m\u00e1s conveniente.<\/p>\r\n\t    <\/div>\r\n\t    \t\t\t\t<\/div>\n\t\t\t\t<\/div>\n\t\t\t\t<div class=\"elementor-element elementor-element-4e6b5713 elementor-widget elementor-widget-spacer\" data-id=\"4e6b5713\" data-element_type=\"widget\" data-e-type=\"widget\" data-widget_type=\"spacer.default\">\n\t\t\t\t<div class=\"elementor-widget-container\">\n\t\t\t\t\t\t\t<div class=\"elementor-spacer\">\n\t\t\t<div class=\"elementor-spacer-inner\"><\/div>\n\t\t<\/div>\n\t\t\t\t\t\t<\/div>\n\t\t\t\t<\/div>\n\t\t\t\t<div class=\"elementor-element elementor-element-e90d8db elementor-widget elementor-widget-iiconbox1\" data-id=\"e90d8db\" data-element_type=\"widget\" data-e-type=\"widget\" data-widget_type=\"iiconbox1.default\">\n\t\t\t\t<div class=\"elementor-widget-container\">\n\t\t\t\t\t\t\t<div class=\"icon-box-s1\">\r\n\t\t\t<div class=\"icon-main\">\r\n\t\t        <i aria-hidden=\"true\" class=\"hm hm-shield\"><\/i>\t\t\t    \t\t        \t        <\/div>\r\n\t        <h5>Herramientas de gesti\u00f3n de seguridad<\/br><p style=\"font-size:15px\">\"La seguridad es tarea de todos\"<\/p><\/h5>\r\n\t        <div class=\"line-box\"><\/div>\r\n\t        <p>\nNuestro equipo de expertos a bordo lo ayudar\u00e1 a administrar sus riesgos y poder anticiparse a posibles inconvenientes.<\/p>\r\n\t    <\/div>\r\n\t    \t\t\t\t<\/div>\n\t\t\t\t<\/div>\n\t\t\t\t\t<\/div>\n\t\t<\/div>\n\t\t\t\t<div class=\"elementor-column elementor-col-50 elementor-inner-column elementor-element elementor-element-222cefa ot-flex-column-vertical\" data-id=\"222cefa\" data-element_type=\"column\" data-e-type=\"column\" data-settings=\"{&quot;background_background&quot;:&quot;classic&quot;}\">\n\t\t\t<div class=\"elementor-widget-wrap\">\n\t\t\t\t\t\t\t<\/div>\n\t\t<\/div>\n\t\t\t\t\t<\/div>\n\t\t<\/section>\n\t\t\t\t<section class=\"elementor-section elementor-top-section elementor-element elementor-element-871faf8 ot-traditional elementor-section-boxed elementor-section-height-default elementor-section-height-default\" data-id=\"871faf8\" data-element_type=\"section\" data-e-type=\"section\" data-settings=\"{&quot;_ha_eqh_enable&quot;:false}\">\n\t\t\t\t\t\t<div class=\"elementor-container elementor-column-gap-default\">\n\t\t\t\t\t<div class=\"elementor-column elementor-col-100 elementor-top-column elementor-element elementor-element-cb26d4b ot-flex-column-vertical\" data-id=\"cb26d4b\" data-element_type=\"column\" data-e-type=\"column\">\n\t\t\t<div class=\"elementor-widget-wrap elementor-element-populated\">\n\t\t\t\t\t\t<div class=\"elementor-element elementor-element-f45fa57 elementor-widget elementor-widget-spacer\" data-id=\"f45fa57\" data-element_type=\"widget\" data-e-type=\"widget\" data-widget_type=\"spacer.default\">\n\t\t\t\t<div class=\"elementor-widget-container\">\n\t\t\t\t\t\t\t<div class=\"elementor-spacer\">\n\t\t\t<div class=\"elementor-spacer-inner\"><\/div>\n\t\t<\/div>\n\t\t\t\t\t\t<\/div>\n\t\t\t\t<\/div>\n\t\t\t\t<div class=\"elementor-element elementor-element-33d23c9 elementor-widget elementor-widget-shortcode\" data-id=\"33d23c9\" data-element_type=\"widget\" data-e-type=\"widget\" data-widget_type=\"shortcode.default\">\n\t\t\t\t<div class=\"elementor-widget-container\">\n\t\t\t\t\t\t\t<div class=\"elementor-shortcode\"><script type=\"text\/javascript\" src=\"https:\/\/app.getresponse.com\/view_webform_v2.js?u=GUwDA&webforms_id=h9EnS\" data-webform-id=\"h9EnS\"><\/script><\/div>\n\t\t\t\t\t\t<\/div>\n\t\t\t\t<\/div>\n\t\t\t\t\t<\/div>\n\t\t<\/div>\n\t\t\t\t\t<\/div>\n\t\t<\/section>\n\t\t\t\t<section class=\"elementor-section elementor-top-section elementor-element elementor-element-771b6579 ot-traditional elementor-section-boxed elementor-section-height-default elementor-section-height-default\" data-id=\"771b6579\" data-element_type=\"section\" data-e-type=\"section\" data-settings=\"{&quot;background_background&quot;:&quot;classic&quot;,&quot;_ha_eqh_enable&quot;:false}\">\n\t\t\t\t\t\t<div class=\"elementor-container elementor-column-gap-default\">\n\t\t\t\t\t<div class=\"elementor-column elementor-col-100 elementor-top-column elementor-element elementor-element-3ca37d4e ot-flex-column-vertical\" data-id=\"3ca37d4e\" data-element_type=\"column\" data-e-type=\"column\">\n\t\t\t<div class=\"elementor-widget-wrap elementor-element-populated\">\n\t\t\t\t\t\t<div class=\"elementor-element elementor-element-1b0dbad1 elementor-widget elementor-widget-heading\" data-id=\"1b0dbad1\" data-element_type=\"widget\" data-e-type=\"widget\" data-widget_type=\"heading.default\">\n\t\t\t\t<div class=\"elementor-widget-container\">\n\t\t\t\t\t<h2 class=\"elementor-heading-title elementor-size-default\">\u00a1Cont\u00e1ctanos para informaci\u00f3n espec\u00edfica sobre cualquiera de nuestros servicios!<\/h2>\t\t\t\t<\/div>\n\t\t\t\t<\/div>\n\t\t\t\t<div class=\"elementor-element elementor-element-4e6771a3 elementor-align-center elementor-widget elementor-widget-ibutton\" data-id=\"4e6771a3\" data-element_type=\"widget\" data-e-type=\"widget\" data-widget_type=\"ibutton.default\">\n\t\t\t\t<div class=\"elementor-widget-container\">\n\t\t\t\t\t\t\t<div class=\"ot-button\">\r\n\t\t\t<a href=\"https:\/\/bcdaero.com\/es\/contacto\/\" class=\"octf-btn octf-btn-primary\">Contactanos<\/a>\r\n\t    <\/div>\r\n\t    \t\t\t\t<\/div>\n\t\t\t\t<\/div>\n\t\t\t\t\t<\/div>\n\t\t<\/div>\n\t\t\t\t\t<\/div>\n\t\t<\/section>\n\t\t\t\t<\/div>\n\t\t","protected":false},"excerpt":{"rendered":"<p>Somos mucho m\u00e1s\u2026 Nuestros servicios Ver m\u00e1s Desarrollo de software de aviaci\u00f3n \u201cEl compa\u00f1ero perfecto de los pilotos\u201d Perm\u00edtanos desarrollar una aplicaci\u00f3n especializada seg\u00fan sus requerimientos espec\u00edficos para iPhone, iPad, Android o cualquier otro sistema.\u202fLe garantizamos que obtendr\u00e1 la mejor soluci\u00f3n para su departamento de vuelo, FBO, proveedor de servicios, charter, aerol\u00ednea privada, militar o [&hellip;]<\/p>\n","protected":false},"author":1,"featured_media":0,"parent":0,"menu_order":0,"comment_status":"closed","ping_status":"closed","template":"","meta":{"footnotes":""},"class_list":["post-3809","page","type-page","status-publish","hentry"],"_links":{"self":[{"href":"https:\/\/bcdaero.com\/es\/wp-json\/wp\/v2\/pages\/3809","targetHints":{"allow":["GET"]}}],"collection":[{"href":"https:\/\/bcdaero.com\/es\/wp-json\/wp\/v2\/pages"}],"about":[{"href":"https:\/\/bcdaero.com\/es\/wp-json\/wp\/v2\/types\/page"}],"author":[{"embeddable":true,"href":"https:\/\/bcdaero.com\/es\/wp-json\/wp\/v2\/users\/1"}],"replies":[{"embeddable":true,"href":"https:\/\/bcdaero.com\/es\/wp-json\/wp\/v2\/comments?post=3809"}],"version-history":[{"count":62,"href":"https:\/\/bcdaero.com\/es\/wp-json\/wp\/v2\/pages\/3809\/revisions"}],"predecessor-version":[{"id":5487,"href":"https:\/\/bcdaero.com\/es\/wp-json\/wp\/v2\/pages\/3809\/revisions\/5487"}],"wp:attachment":[{"href":"https:\/\/bcdaero.com\/es\/wp-json\/wp\/v2\/media?parent=3809"}],"curies":[{"name":"wp","href":"https:\/\/api.w.org\/{rel}","templated":true}]}}