{"id":3811,"date":"2021-03-07T22:12:56","date_gmt":"2021-03-07T22:12:56","guid":{"rendered":"https:\/\/bcdaero.com\/es\/?page_id=3811"},"modified":"2021-07-12T21:38:02","modified_gmt":"2021-07-12T21:38:02","slug":"herramientas","status":"publish","type":"page","link":"https:\/\/bcdaero.com\/es\/herramientas\/","title":{"rendered":"Herramientas"},"content":{"rendered":"\t\t<div data-elementor-type=\"wp-page\" data-elementor-id=\"3811\" class=\"elementor elementor-3811\" data-elementor-settings=\"{&quot;ha_cmc_init_switcher&quot;:&quot;no&quot;}\">\n\t\t\t\t\t\t<section class=\"elementor-section elementor-top-section elementor-element elementor-element-416d2bee elementor-section-height-min-height ot-traditional elementor-section-boxed elementor-section-height-default elementor-section-items-middle\" data-id=\"416d2bee\" data-element_type=\"section\" data-e-type=\"section\" data-settings=\"{&quot;background_background&quot;:&quot;classic&quot;,&quot;_ha_eqh_enable&quot;:false}\">\n\t\t\t\t\t\t\t<div class=\"elementor-background-overlay\"><\/div>\n\t\t\t\t\t\t\t<div class=\"elementor-container elementor-column-gap-default\">\n\t\t\t\t\t<div class=\"elementor-column elementor-col-100 elementor-top-column elementor-element elementor-element-74b05b9c ot-column-items-center ot-flex-column-vertical\" data-id=\"74b05b9c\" data-element_type=\"column\" data-e-type=\"column\">\n\t\t\t<div class=\"elementor-widget-wrap elementor-element-populated\">\n\t\t\t\t\t\t<div class=\"elementor-element elementor-element-60a3a8ad animated-fast elementor-invisible elementor-widget elementor-widget-heading\" data-id=\"60a3a8ad\" data-element_type=\"widget\" data-e-type=\"widget\" data-settings=\"{&quot;_animation&quot;:&quot;fadeInUp&quot;,&quot;_animation_delay&quot;:500}\" data-widget_type=\"heading.default\">\n\t\t\t\t<div class=\"elementor-widget-container\">\n\t\t\t\t\t<h2 class=\"elementor-heading-title elementor-size-default\">HERRAMIENTAS<\/h2>\t\t\t\t<\/div>\n\t\t\t\t<\/div>\n\t\t\t\t<div class=\"elementor-element elementor-element-646c3c3c envato-kit-140-material-button elementor-align-center elementor-invisible elementor-widget elementor-widget-button\" data-id=\"646c3c3c\" data-element_type=\"widget\" data-e-type=\"widget\" data-settings=\"{&quot;_animation&quot;:&quot;fadeInUp&quot;,&quot;_animation_delay&quot;:900}\" data-widget_type=\"button.default\">\n\t\t\t\t<div class=\"elementor-widget-container\">\n\t\t\t\t\t\t\t\t\t<div class=\"elementor-button-wrapper\">\n\t\t\t\t\t<a class=\"elementor-button elementor-button-link elementor-size-md elementor-animation-push\" href=\"#herramientas\">\n\t\t\t\t\t\t<span class=\"elementor-button-content-wrapper\">\n\t\t\t\t\t\t<span class=\"elementor-button-icon\">\n\t\t\t\t<i aria-hidden=\"true\" class=\"fas fa-long-arrow-alt-down\"><\/i>\t\t\t<\/span>\n\t\t\t\t\t\t\t\t\t<span class=\"elementor-button-text\">Ver m\u00e1s<\/span>\n\t\t\t\t\t<\/span>\n\t\t\t\t\t<\/a>\n\t\t\t\t<\/div>\n\t\t\t\t\t\t\t\t<\/div>\n\t\t\t\t<\/div>\n\t\t\t\t\t<\/div>\n\t\t<\/div>\n\t\t\t\t\t<\/div>\n\t\t<\/section>\n\t\t\t\t<section class=\"elementor-section elementor-top-section elementor-element elementor-element-568657c ot-traditional elementor-section-boxed elementor-section-height-default elementor-section-height-default\" data-id=\"568657c\" data-element_type=\"section\" data-e-type=\"section\" data-settings=\"{&quot;background_background&quot;:&quot;classic&quot;,&quot;_ha_eqh_enable&quot;:false}\">\n\t\t\t\t\t\t<div class=\"elementor-container elementor-column-gap-default\">\n\t\t\t\t\t<div class=\"elementor-column elementor-col-100 elementor-top-column elementor-element elementor-element-3900c14 ot-flex-column-vertical\" data-id=\"3900c14\" data-element_type=\"column\" data-e-type=\"column\">\n\t\t\t<div class=\"elementor-widget-wrap elementor-element-populated\">\n\t\t\t\t\t\t<div class=\"elementor-element elementor-element-318837f elementor-widget elementor-widget-menu-anchor\" data-id=\"318837f\" data-element_type=\"widget\" data-e-type=\"widget\" data-widget_type=\"menu-anchor.default\">\n\t\t\t\t<div class=\"elementor-widget-container\">\n\t\t\t\t\t\t\t<div class=\"elementor-menu-anchor\" id=\"herramientas\"><\/div>\n\t\t\t\t\t\t<\/div>\n\t\t\t\t<\/div>\n\t\t\t\t<div class=\"elementor-element elementor-element-f533e93 elementor-widget elementor-widget-spacer\" data-id=\"f533e93\" data-element_type=\"widget\" data-e-type=\"widget\" data-widget_type=\"spacer.default\">\n\t\t\t\t<div class=\"elementor-widget-container\">\n\t\t\t\t\t\t\t<div class=\"elementor-spacer\">\n\t\t\t<div class=\"elementor-spacer-inner\"><\/div>\n\t\t<\/div>\n\t\t\t\t\t\t<\/div>\n\t\t\t\t<\/div>\n\t\t\t\t\t<\/div>\n\t\t<\/div>\n\t\t\t\t\t<\/div>\n\t\t<\/section>\n\t\t\t\t<section class=\"elementor-section elementor-top-section elementor-element elementor-element-ff048b4 elementor-section-height-min-height ot-traditional elementor-section-boxed elementor-section-height-default elementor-section-items-middle\" data-id=\"ff048b4\" data-element_type=\"section\" data-e-type=\"section\" data-settings=\"{&quot;background_background&quot;:&quot;classic&quot;,&quot;_ha_eqh_enable&quot;:false}\">\n\t\t\t\t\t\t\t<div class=\"elementor-background-overlay\"><\/div>\n\t\t\t\t\t\t\t<div class=\"elementor-container elementor-column-gap-default\">\n\t\t\t\t\t<div class=\"elementor-column elementor-col-50 elementor-top-column elementor-element elementor-element-970e42d ot-flex-column-vertical\" data-id=\"970e42d\" data-element_type=\"column\" data-e-type=\"column\" data-settings=\"{&quot;background_background&quot;:&quot;classic&quot;}\">\n\t\t\t<div class=\"elementor-widget-wrap elementor-element-populated\">\n\t\t\t\t\t\t<div class=\"elementor-element elementor-element-57e27eb elementor-position-top elementor-widget elementor-widget-image-box\" data-id=\"57e27eb\" data-element_type=\"widget\" data-e-type=\"widget\" data-widget_type=\"image-box.default\">\n\t\t\t\t<div class=\"elementor-widget-container\">\n\t\t\t\t\t<div class=\"elementor-image-box-wrapper\"><figure class=\"elementor-image-box-img\"><img fetchpriority=\"high\" decoding=\"async\" width=\"1018\" height=\"520\" src=\"https:\/\/bcdaero.com\/es\/wp-content\/uploads\/2021\/03\/otro.png\" class=\"attachment-full size-full wp-image-4526\" alt=\"\" srcset=\"https:\/\/bcdaero.com\/es\/wp-content\/uploads\/2021\/03\/otro.png 1018w, https:\/\/bcdaero.com\/es\/wp-content\/uploads\/2021\/03\/otro-300x153.png 300w, https:\/\/bcdaero.com\/es\/wp-content\/uploads\/2021\/03\/otro-768x392.png 768w, https:\/\/bcdaero.com\/es\/wp-content\/uploads\/2021\/03\/otro-720x368.png 720w\" sizes=\"(max-width: 1018px) 100vw, 1018px\" \/><\/figure><div class=\"elementor-image-box-content\"><h3 class=\"elementor-image-box-title\">The Jet Manager<\/h3><p class=\"elementor-image-box-description\"><strong>EL COMPA\u00d1ERO PERFECTO DE LOS PILOTOS.<\/strong><\/br>\n\n<\/br>JET MANAGER es la aplicaci\u00f3n m\u00e1s innovadora e inteligente dise\u00f1ada con el fin de ayudar a los pilotos a gestionar sus operaciones de vuelo. Integramos la tecnolog\u00eda innovadora de hoy con los profesionales del futuro de la aviaci\u00f3n para hacer un match perfecto.  <\/p><\/div><\/div>\t\t\t\t<\/div>\n\t\t\t\t<\/div>\n\t\t\t\t<div class=\"elementor-element elementor-element-5172635 elementor-align-center elementor-widget elementor-widget-button\" data-id=\"5172635\" data-element_type=\"widget\" data-e-type=\"widget\" data-widget_type=\"button.default\">\n\t\t\t\t<div class=\"elementor-widget-container\">\n\t\t\t\t\t\t\t\t\t<div class=\"elementor-button-wrapper\">\n\t\t\t\t\t<a class=\"elementor-button elementor-button-link elementor-size-sm\" href=\"http:\/\/thejetmanager.com\/\">\n\t\t\t\t\t\t<span class=\"elementor-button-content-wrapper\">\n\t\t\t\t\t\t\t\t\t<span class=\"elementor-button-text\">Conocer m\u00e1s<\/span>\n\t\t\t\t\t<\/span>\n\t\t\t\t\t<\/a>\n\t\t\t\t<\/div>\n\t\t\t\t\t\t\t\t<\/div>\n\t\t\t\t<\/div>\n\t\t\t\t\t<\/div>\n\t\t<\/div>\n\t\t\t\t<div class=\"elementor-column elementor-col-50 elementor-top-column elementor-element elementor-element-2cd63b1 ot-flex-column-vertical\" data-id=\"2cd63b1\" data-element_type=\"column\" data-e-type=\"column\" data-settings=\"{&quot;background_background&quot;:&quot;classic&quot;}\">\n\t\t\t<div class=\"elementor-widget-wrap elementor-element-populated\">\n\t\t\t\t\t\t<div class=\"elementor-element elementor-element-4b8b960 elementor-position-top elementor-widget elementor-widget-image-box\" data-id=\"4b8b960\" data-element_type=\"widget\" data-e-type=\"widget\" data-widget_type=\"image-box.default\">\n\t\t\t\t<div class=\"elementor-widget-container\">\n\t\t\t\t\t<div class=\"elementor-image-box-wrapper\"><figure class=\"elementor-image-box-img\"><img decoding=\"async\" width=\"512\" height=\"512\" src=\"https:\/\/bcdaero.com\/es\/wp-content\/uploads\/2021\/03\/jet-man.jpg\" class=\"attachment-full size-full wp-image-4536\" alt=\"\" srcset=\"https:\/\/bcdaero.com\/es\/wp-content\/uploads\/2021\/03\/jet-man.jpg 512w, https:\/\/bcdaero.com\/es\/wp-content\/uploads\/2021\/03\/jet-man-300x300.jpg 300w, https:\/\/bcdaero.com\/es\/wp-content\/uploads\/2021\/03\/jet-man-150x150.jpg 150w\" sizes=\"(max-width: 512px) 100vw, 512px\" \/><\/figure><div class=\"elementor-image-box-content\"><h3 class=\"elementor-image-box-title\">Jet Man Pay <\/h3><p class=\"elementor-image-box-description\"><strong>DESCUBRE LA NUEVA FORMA DE MANEJAR TUS TRANSACCIONES AEROPORTUARIAS A NIVEL MUNDIAL.<\/strong><\/br>\n\n<\/br>JET MAN PAY es una herramienta pr\u00e1ctica que permite realizar pagos r\u00e1pidos y seguros a los proveedores de servicios de apoyo aeroportuarios para cualquiera de sus productos o servicios.  \n\nDesde cualquier dispositivo m\u00f3vil, tableta o laptop, proporcionamos la mejor soluci\u00f3n integrada para aerol\u00edneas, operadores privados y de carga.<\/p><\/div><\/div>\t\t\t\t<\/div>\n\t\t\t\t<\/div>\n\t\t\t\t<div class=\"elementor-element elementor-element-30fd58a elementor-align-center elementor-widget elementor-widget-button\" data-id=\"30fd58a\" data-element_type=\"widget\" data-e-type=\"widget\" data-widget_type=\"button.default\">\n\t\t\t\t<div class=\"elementor-widget-container\">\n\t\t\t\t\t\t\t\t\t<div class=\"elementor-button-wrapper\">\n\t\t\t\t\t<a class=\"elementor-button elementor-button-link elementor-size-sm\" href=\"https:\/\/jetmanpay.com\/\">\n\t\t\t\t\t\t<span class=\"elementor-button-content-wrapper\">\n\t\t\t\t\t\t\t\t\t<span class=\"elementor-button-text\">Conocer m\u00e1s<\/span>\n\t\t\t\t\t<\/span>\n\t\t\t\t\t<\/a>\n\t\t\t\t<\/div>\n\t\t\t\t\t\t\t\t<\/div>\n\t\t\t\t<\/div>\n\t\t\t\t\t<\/div>\n\t\t<\/div>\n\t\t\t\t\t<\/div>\n\t\t<\/section>\n\t\t\t\t<section class=\"elementor-section elementor-top-section elementor-element elementor-element-a175c3e ot-traditional elementor-section-boxed elementor-section-height-default elementor-section-height-default\" data-id=\"a175c3e\" data-element_type=\"section\" data-e-type=\"section\" data-settings=\"{&quot;background_background&quot;:&quot;classic&quot;,&quot;_ha_eqh_enable&quot;:false}\">\n\t\t\t\t\t\t<div class=\"elementor-container elementor-column-gap-default\">\n\t\t\t\t\t<div class=\"elementor-column elementor-col-100 elementor-top-column elementor-element elementor-element-f646a87 ot-flex-column-vertical\" data-id=\"f646a87\" data-element_type=\"column\" data-e-type=\"column\">\n\t\t\t<div class=\"elementor-widget-wrap elementor-element-populated\">\n\t\t\t\t\t\t<div class=\"elementor-element elementor-element-f6cf6f4 elementor-widget elementor-widget-spacer\" data-id=\"f6cf6f4\" data-element_type=\"widget\" data-e-type=\"widget\" data-widget_type=\"spacer.default\">\n\t\t\t\t<div class=\"elementor-widget-container\">\n\t\t\t\t\t\t\t<div class=\"elementor-spacer\">\n\t\t\t<div class=\"elementor-spacer-inner\"><\/div>\n\t\t<\/div>\n\t\t\t\t\t\t<\/div>\n\t\t\t\t<\/div>\n\t\t\t\t<div class=\"elementor-element elementor-element-7029754 elementor-widget elementor-widget-shortcode\" data-id=\"7029754\" data-element_type=\"widget\" data-e-type=\"widget\" data-widget_type=\"shortcode.default\">\n\t\t\t\t<div class=\"elementor-widget-container\">\n\t\t\t\t\t\t\t<div class=\"elementor-shortcode\"><script type=\"text\/javascript\" src=\"https:\/\/app.getresponse.com\/view_webform_v2.js?u=GUwDA&webforms_id=h9EnS\" data-webform-id=\"h9EnS\"><\/script><\/div>\n\t\t\t\t\t\t<\/div>\n\t\t\t\t<\/div>\n\t\t\t\t\t<\/div>\n\t\t<\/div>\n\t\t\t\t\t<\/div>\n\t\t<\/section>\n\t\t\t\t<\/div>\n\t\t","protected":false},"excerpt":{"rendered":"<p>HERRAMIENTAS Ver m\u00e1s The Jet Manager EL COMPA\u00d1ERO PERFECTO DE LOS PILOTOS. JET MANAGER es la aplicaci\u00f3n m\u00e1s innovadora e inteligente dise\u00f1ada con el fin de ayudar a los pilotos a gestionar sus operaciones de vuelo. Integramos la tecnolog\u00eda innovadora de hoy con los profesionales del futuro de la aviaci\u00f3n para hacer un match perfecto. [&hellip;]<\/p>\n","protected":false},"author":1,"featured_media":0,"parent":0,"menu_order":0,"comment_status":"closed","ping_status":"closed","template":"","meta":{"footnotes":""},"class_list":["post-3811","page","type-page","status-publish","hentry"],"_links":{"self":[{"href":"https:\/\/bcdaero.com\/es\/wp-json\/wp\/v2\/pages\/3811","targetHints":{"allow":["GET"]}}],"collection":[{"href":"https:\/\/bcdaero.com\/es\/wp-json\/wp\/v2\/pages"}],"about":[{"href":"https:\/\/bcdaero.com\/es\/wp-json\/wp\/v2\/types\/page"}],"author":[{"embeddable":true,"href":"https:\/\/bcdaero.com\/es\/wp-json\/wp\/v2\/users\/1"}],"replies":[{"embeddable":true,"href":"https:\/\/bcdaero.com\/es\/wp-json\/wp\/v2\/comments?post=3811"}],"version-history":[{"count":35,"href":"https:\/\/bcdaero.com\/es\/wp-json\/wp\/v2\/pages\/3811\/revisions"}],"predecessor-version":[{"id":5484,"href":"https:\/\/bcdaero.com\/es\/wp-json\/wp\/v2\/pages\/3811\/revisions\/5484"}],"wp:attachment":[{"href":"https:\/\/bcdaero.com\/es\/wp-json\/wp\/v2\/media?parent=3811"}],"curies":[{"name":"wp","href":"https:\/\/api.w.org\/{rel}","templated":true}]}}