{"id":5384,"date":"2021-05-14T12:15:12","date_gmt":"2021-05-14T12:15:12","guid":{"rendered":"https:\/\/bcdaero.com\/es\/?page_id=5384"},"modified":"2021-05-26T15:14:42","modified_gmt":"2021-05-26T15:14:42","slug":"webinar","status":"publish","type":"page","link":"https:\/\/bcdaero.com\/es\/webinar\/","title":{"rendered":"Webinar"},"content":{"rendered":"\t\t<div data-elementor-type=\"wp-page\" data-elementor-id=\"5384\" class=\"elementor elementor-5384\" data-elementor-settings=\"{&quot;ha_cmc_init_switcher&quot;:&quot;no&quot;}\">\n\t\t\t\t\t\t<section class=\"elementor-section elementor-top-section elementor-element elementor-element-1c19db72 elementor-section-height-min-height ot-traditional elementor-section-boxed elementor-section-height-default elementor-section-items-middle\" data-id=\"1c19db72\" data-element_type=\"section\" data-e-type=\"section\" data-settings=\"{&quot;background_background&quot;:&quot;classic&quot;,&quot;_ha_eqh_enable&quot;:false}\">\n\t\t\t\t\t\t\t<div class=\"elementor-background-overlay\"><\/div>\n\t\t\t\t\t\t\t<div class=\"elementor-container elementor-column-gap-default\">\n\t\t\t\t\t<div class=\"elementor-column elementor-col-50 elementor-top-column elementor-element elementor-element-6bf257cc ot-flex-column-vertical\" data-id=\"6bf257cc\" data-element_type=\"column\" data-e-type=\"column\">\n\t\t\t<div class=\"elementor-widget-wrap elementor-element-populated\">\n\t\t\t\t\t\t<div class=\"elementor-element elementor-element-4ed56375 elementor-widget elementor-widget-heading\" data-id=\"4ed56375\" data-element_type=\"widget\" data-e-type=\"widget\" data-widget_type=\"heading.default\">\n\t\t\t\t<div class=\"elementor-widget-container\">\n\t\t\t\t\t<h2 class=\"elementor-heading-title elementor-size-medium\">Transformaci\u00f3n digital:<\/h2>\t\t\t\t<\/div>\n\t\t\t\t<\/div>\n\t\t\t\t<div class=\"elementor-element elementor-element-1309048e elementor-widget elementor-widget-heading\" data-id=\"1309048e\" data-element_type=\"widget\" data-e-type=\"widget\" data-widget_type=\"heading.default\">\n\t\t\t\t<div class=\"elementor-widget-container\">\n\t\t\t\t\t<h2 class=\"elementor-heading-title elementor-size-medium\">el futuro de las operaciones aeroportuarias.<\/h2>\t\t\t\t<\/div>\n\t\t\t\t<\/div>\n\t\t\t\t<div class=\"elementor-element elementor-element-67953773 elementor-widget elementor-widget-text-editor\" data-id=\"67953773\" data-element_type=\"widget\" data-e-type=\"widget\" data-widget_type=\"text-editor.default\">\n\t\t\t\t<div class=\"elementor-widget-container\">\n\t\t\t\t\t\t\t\t\t<p><span data-contrast=\"auto\">La digitalizaci\u00f3n de las operaciones ya es una realidad.\u00a0<\/span><span data-contrast=\"auto\">Hoy en\u00a0<\/span><span data-contrast=\"auto\">d\u00eda, la tecnolog\u00eda se ha <\/span><span data-contrast=\"auto\">convertido <\/span><span data-contrast=\"auto\">en un elemento e<\/span><span data-contrast=\"auto\">s<\/span><span data-contrast=\"auto\">encial para la evoluci\u00f3n\u00a0<\/span><span data-contrast=\"auto\">del desarrollo de procesos y metodolog\u00edas en todas las industrias, especialmente en la aeron\u00e1utica.<\/span><span data-ccp-props=\"{\">\u00a0<\/span><\/p><p><span data-contrast=\"auto\">En BCDA <\/span><span data-contrast=\"auto\">Aeronautical <\/span><span data-contrast=\"auto\">Solutions<\/span><span data-contrast=\"auto\">\u00a0trabajamos d\u00eda a d\u00eda para\u00a0<\/span><span data-contrast=\"auto\">crear herramientas<\/span><span data-contrast=\"auto\">\u00a0 tecnol\u00f3gicas innovadoras <\/span><span data-contrast=\"auto\">destinadas a<\/span><span data-contrast=\"auto\">\u00a0<\/span><span data-contrast=\"auto\">esta\u00a0<\/span><span data-contrast=\"auto\">industria. Y con orgullo, presentamos nuestro\u00a0<\/span><span data-contrast=\"auto\">webinar<\/span><b><span data-contrast=\"auto\"> \u201cTransformaci\u00f3n digital: el futuro de las operaciones aeroportuarias\u201d.<\/span><\/b><b><span data-contrast=\"auto\">\u00a0<\/span><\/b><span data-ccp-props=\"{}\">\u00a0<\/span><\/p><p><span data-contrast=\"auto\">En este encuentro, <\/span><span data-contrast=\"auto\">\u00c1ngel<\/span><span data-contrast=\"auto\">\u00a0Lovera<\/span><span data-contrast=\"auto\">,<\/span><span data-contrast=\"auto\">\u00a0CEO de BCDA<\/span><span data-contrast=\"auto\">\u00a0<\/span><span data-contrast=\"auto\">Aeronautical<\/span><span data-contrast=\"auto\">\u00a0<\/span><span data-contrast=\"auto\">Solutions<\/span><span data-contrast=\"auto\">, hablar\u00e1 sobre\u00a0<\/span><span data-contrast=\"auto\">soluciones<\/span><span data-contrast=\"auto\">\u00a0<\/span><span data-contrast=\"auto\">que podr\u00edan cambiar radicalmente el futuro de la aviaci\u00f3n. Desde la implementaci\u00f3n y uso de<\/span><span data-contrast=\"auto\"><b> un nuevo dispositivo<\/b> <\/span><b><span data-contrast=\"auto\">que permite<\/span><\/b><span data-contrast=\"auto\">\u00a0<\/span><b><span data-contrast=\"auto\">detectar de forma temprana y a bajo costo el COVID-19<\/span><\/b><b><span data-contrast=\"auto\">,<\/span><\/b><b><span data-contrast=\"auto\">\u00a0<\/span><\/b><span data-contrast=\"auto\">hasta su integraci\u00f3n con nuestra <\/span><b><span data-contrast=\"auto\">SUIT<\/span><\/b><b><span data-contrast=\"auto\">E<\/span><\/b><b><span data-contrast=\"auto\"> AIMS, un conjunto de aplicaciones <\/span><\/b><b><span data-contrast=\"auto\">dise\u00f1adas para la gesti\u00f3n de todos los componentes de las operaciones\u00a0<\/span><\/b><b><span data-contrast=\"auto\">aeroportuarias.<\/span><\/b><\/p>\t\t\t\t\t\t\t\t<\/div>\n\t\t\t\t<\/div>\n\t\t\t\t<div class=\"elementor-element elementor-element-32def625 elementor-widget elementor-widget-heading\" data-id=\"32def625\" data-element_type=\"widget\" data-e-type=\"widget\" data-widget_type=\"heading.default\">\n\t\t\t\t<div class=\"elementor-widget-container\">\n\t\t\t\t\t<h2 class=\"elementor-heading-title elementor-size-large\">Descubra c\u00f3mo el uso de estas tecnolog\u00edas puede cambiar el mundo de la aviaci\u00f3n. <br> <br> \n\n<strong>\u00a1Ha llegado la era de la transformaci\u00f3n digital! <\/h2>\t\t\t\t<\/div>\n\t\t\t\t<\/div>\n\t\t\t\t<section class=\"elementor-section elementor-inner-section elementor-element elementor-element-70e56a39 ot-traditional elementor-section-boxed elementor-section-height-default elementor-section-height-default\" data-id=\"70e56a39\" data-element_type=\"section\" data-e-type=\"section\" data-settings=\"{&quot;_ha_eqh_enable&quot;:false}\">\n\t\t\t\t\t\t<div class=\"elementor-container elementor-column-gap-default\">\n\t\t\t\t\t<div class=\"elementor-column elementor-col-100 elementor-inner-column elementor-element elementor-element-7fd0bdd8 ot-flex-column-vertical\" data-id=\"7fd0bdd8\" data-element_type=\"column\" data-e-type=\"column\" data-settings=\"{&quot;background_background&quot;:&quot;classic&quot;}\">\n\t\t\t<div class=\"elementor-widget-wrap elementor-element-populated\">\n\t\t\t\t\t\t<div class=\"elementor-element elementor-element-24badcf1 elementor-widget elementor-widget-text-editor\" data-id=\"24badcf1\" data-element_type=\"widget\" data-e-type=\"widget\" data-widget_type=\"text-editor.default\">\n\t\t\t\t<div class=\"elementor-widget-container\">\n\t\t\t\t\t\t\t\t\t<p><span data-contrast=\"auto\">Fecha: 24 de junio<\/span><span data-ccp-props=\"{\">\u00a0<\/span><\/p><p><span data-contrast=\"auto\">Hora: 8:00pm (Hora Miami GMT-4)<\/span><span data-ccp-props=\"{\">\u00a0<\/span><\/p>\t\t\t\t\t\t\t\t<\/div>\n\t\t\t\t<\/div>\n\t\t\t\t\t<\/div>\n\t\t<\/div>\n\t\t\t\t\t<\/div>\n\t\t<\/section>\n\t\t\t\t\t<\/div>\n\t\t<\/div>\n\t\t\t\t<div class=\"elementor-column elementor-col-50 elementor-top-column elementor-element elementor-element-241495d9 ot-flex-column-vertical\" data-id=\"241495d9\" data-element_type=\"column\" data-e-type=\"column\">\n\t\t\t<div class=\"elementor-widget-wrap elementor-element-populated\">\n\t\t\t\t\t\t<div class=\"elementor-element elementor-element-36402650 elementor-widget elementor-widget-shortcode\" data-id=\"36402650\" data-element_type=\"widget\" data-e-type=\"widget\" data-widget_type=\"shortcode.default\">\n\t\t\t\t<div class=\"elementor-widget-container\">\n\t\t\t\t\t\t\t<div class=\"elementor-shortcode\"><script type=\"text\/javascript\" src=\"https:\/\/app.getresponse.com\/view_webform_v2.js?u=GUwDA&webforms_id=hMn5A\" data-webform-id=\"hMn5A\"><\/script><\/div>\n\t\t\t\t\t\t<\/div>\n\t\t\t\t<\/div>\n\t\t\t\t\t<\/div>\n\t\t<\/div>\n\t\t\t\t\t<\/div>\n\t\t<\/section>\n\t\t\t\t<section class=\"elementor-section elementor-top-section elementor-element elementor-element-a886da2 ot-traditional elementor-section-boxed elementor-section-height-default elementor-section-height-default\" data-id=\"a886da2\" data-element_type=\"section\" data-e-type=\"section\" data-settings=\"{&quot;_ha_eqh_enable&quot;:false}\">\n\t\t\t\t\t\t<div class=\"elementor-container elementor-column-gap-default\">\n\t\t\t\t\t<div class=\"elementor-column elementor-col-100 elementor-top-column elementor-element elementor-element-b63dd3f ot-flex-column-vertical\" data-id=\"b63dd3f\" data-element_type=\"column\" data-e-type=\"column\">\n\t\t\t<div class=\"elementor-widget-wrap elementor-element-populated\">\n\t\t\t\t\t\t<div class=\"elementor-element elementor-element-3480c02 elementor-widget elementor-widget-heading\" data-id=\"3480c02\" data-element_type=\"widget\" data-e-type=\"widget\" data-widget_type=\"heading.default\">\n\t\t\t\t<div class=\"elementor-widget-container\">\n\t\t\t\t\t<h2 class=\"elementor-heading-title elementor-size-default\">Patrocinado por:<\/h2>\t\t\t\t<\/div>\n\t\t\t\t<\/div>\n\t\t\t\t\t<\/div>\n\t\t<\/div>\n\t\t\t\t\t<\/div>\n\t\t<\/section>\n\t\t\t\t<section class=\"elementor-section elementor-top-section elementor-element elementor-element-186ac2e ot-layout_inline ot-align-center elementor-section-boxed elementor-section-height-default elementor-section-height-default\" data-id=\"186ac2e\" data-element_type=\"section\" data-e-type=\"section\" data-settings=\"{&quot;_ha_eqh_enable&quot;:false}\">\n\t\t\t\t\t\t<div class=\"elementor-container elementor-column-gap-default\">\n\t\t\t\t\t<div class=\"elementor-column elementor-col-100 elementor-top-column elementor-element elementor-element-5dfec40 ot-flex-column-vertical\" data-id=\"5dfec40\" data-element_type=\"column\" data-e-type=\"column\">\n\t\t\t<div class=\"elementor-widget-wrap elementor-element-populated\">\n\t\t\t\t\t\t<div class=\"elementor-element elementor-element-a665477 elementor-widget elementor-widget-image-gallery\" data-id=\"a665477\" data-element_type=\"widget\" data-e-type=\"widget\" data-widget_type=\"image-gallery.default\">\n\t\t\t\t<div class=\"elementor-widget-container\">\n\t\t\t\t\t\t\t<div class=\"elementor-image-gallery\">\n\t\t\t<div id='gallery-1' class='gallery galleryid-5384 gallery-columns-3 gallery-size-medium'><figure class='gallery-item'>\n\t\t\t<div class='gallery-icon landscape'>\n\t\t\t\t<a data-elementor-open-lightbox=\"yes\" data-elementor-lightbox-slideshow=\"a665477\" data-elementor-lightbox-title=\"justfly\" data-e-action-hash=\"#elementor-action%3Aaction%3Dlightbox%26settings%3DeyJpZCI6NTQ0MiwidXJsIjoiaHR0cHM6XC9cL2JjZGFlcm8uY29tXC9lc1wvd3AtY29udGVudFwvdXBsb2Fkc1wvMjAyMVwvMDVcL2p1c3RmbHkucG5nIiwic2xpZGVzaG93IjoiYTY2NTQ3NyJ9\" href='https:\/\/bcdaero.com\/es\/wp-content\/uploads\/2021\/05\/justfly.png'><img decoding=\"async\" width=\"300\" height=\"75\" src=\"https:\/\/bcdaero.com\/es\/wp-content\/uploads\/2021\/05\/justfly-300x75.png\" class=\"attachment-medium size-medium\" alt=\"\" srcset=\"https:\/\/bcdaero.com\/es\/wp-content\/uploads\/2021\/05\/justfly-300x75.png 300w, https:\/\/bcdaero.com\/es\/wp-content\/uploads\/2021\/05\/justfly-1024x256.png 1024w, https:\/\/bcdaero.com\/es\/wp-content\/uploads\/2021\/05\/justfly-768x192.png 768w, https:\/\/bcdaero.com\/es\/wp-content\/uploads\/2021\/05\/justfly-720x180.png 720w, https:\/\/bcdaero.com\/es\/wp-content\/uploads\/2021\/05\/justfly.png 1080w\" sizes=\"(max-width: 300px) 100vw, 300px\" \/><\/a>\n\t\t\t<\/div><\/figure><figure class='gallery-item'>\n\t\t\t<div class='gallery-icon landscape'>\n\t\t\t\t<a data-elementor-open-lightbox=\"yes\" data-elementor-lightbox-slideshow=\"a665477\" data-elementor-lightbox-title=\"fernanco\" data-e-action-hash=\"#elementor-action%3Aaction%3Dlightbox%26settings%3DeyJpZCI6NTQxOCwidXJsIjoiaHR0cHM6XC9cL2JjZGFlcm8uY29tXC9lc1wvd3AtY29udGVudFwvdXBsb2Fkc1wvMjAyMVwvMDVcL2Zlcm5hbmNvLnBuZyIsInNsaWRlc2hvdyI6ImE2NjU0NzcifQ%3D%3D\" href='https:\/\/bcdaero.com\/es\/wp-content\/uploads\/2021\/05\/fernanco.png'><img decoding=\"async\" width=\"300\" height=\"89\" src=\"https:\/\/bcdaero.com\/es\/wp-content\/uploads\/2021\/05\/fernanco-300x89.png\" class=\"attachment-medium size-medium\" alt=\"\" srcset=\"https:\/\/bcdaero.com\/es\/wp-content\/uploads\/2021\/05\/fernanco-300x89.png 300w, https:\/\/bcdaero.com\/es\/wp-content\/uploads\/2021\/05\/fernanco.png 640w\" sizes=\"(max-width: 300px) 100vw, 300px\" \/><\/a>\n\t\t\t<\/div><\/figure><figure class='gallery-item'>\n\t\t\t<div class='gallery-icon landscape'>\n\t\t\t\t<a data-elementor-open-lightbox=\"yes\" data-elementor-lightbox-slideshow=\"a665477\" data-elementor-lightbox-title=\"lex\" data-e-action-hash=\"#elementor-action%3Aaction%3Dlightbox%26settings%3DeyJpZCI6NTQyOSwidXJsIjoiaHR0cHM6XC9cL2JjZGFlcm8uY29tXC9lc1wvd3AtY29udGVudFwvdXBsb2Fkc1wvMjAyMVwvMDVcL2xleC5wbmciLCJzbGlkZXNob3ciOiJhNjY1NDc3In0%3D\" href='https:\/\/bcdaero.com\/es\/wp-content\/uploads\/2021\/05\/lex.png'><img decoding=\"async\" width=\"300\" height=\"97\" src=\"https:\/\/bcdaero.com\/es\/wp-content\/uploads\/2021\/05\/lex-300x97.png\" class=\"attachment-medium size-medium\" alt=\"\" srcset=\"https:\/\/bcdaero.com\/es\/wp-content\/uploads\/2021\/05\/lex-300x97.png 300w, https:\/\/bcdaero.com\/es\/wp-content\/uploads\/2021\/05\/lex.png 582w\" sizes=\"(max-width: 300px) 100vw, 300px\" \/><\/a>\n\t\t\t<\/div><\/figure><figure class='gallery-item'>\n\t\t\t<div class='gallery-icon landscape'>\n\t\t\t\t<a data-elementor-open-lightbox=\"yes\" data-elementor-lightbox-slideshow=\"a665477\" data-elementor-lightbox-title=\"logo-web-172_avia\" data-e-action-hash=\"#elementor-action%3Aaction%3Dlightbox%26settings%3DeyJpZCI6NTQyNiwidXJsIjoiaHR0cHM6XC9cL2JjZGFlcm8uY29tXC9lc1wvd3AtY29udGVudFwvdXBsb2Fkc1wvMjAyMVwvMDVcL2xvZ28td2ViLTE3Ml9hdmlhLnBuZyIsInNsaWRlc2hvdyI6ImE2NjU0NzcifQ%3D%3D\" href='https:\/\/bcdaero.com\/es\/wp-content\/uploads\/2021\/05\/logo-web-172_avia.png'><img loading=\"lazy\" decoding=\"async\" width=\"172\" height=\"104\" src=\"https:\/\/bcdaero.com\/es\/wp-content\/uploads\/2021\/05\/logo-web-172_avia.png\" class=\"attachment-medium size-medium\" alt=\"\" \/><\/a>\n\t\t\t<\/div><\/figure><figure class='gallery-item'>\n\t\t\t<div class='gallery-icon landscape'>\n\t\t\t\t<a data-elementor-open-lightbox=\"yes\" data-elementor-lightbox-slideshow=\"a665477\" data-elementor-lightbox-title=\"logo-web-172_peqque\" data-e-action-hash=\"#elementor-action%3Aaction%3Dlightbox%26settings%3DeyJpZCI6NTQyNywidXJsIjoiaHR0cHM6XC9cL2JjZGFlcm8uY29tXC9lc1wvd3AtY29udGVudFwvdXBsb2Fkc1wvMjAyMVwvMDVcL2xvZ28td2ViLTE3Ml9wZXFxdWUucG5nIiwic2xpZGVzaG93IjoiYTY2NTQ3NyJ9\" href='https:\/\/bcdaero.com\/es\/wp-content\/uploads\/2021\/05\/logo-web-172_peqque.png'><img loading=\"lazy\" decoding=\"async\" width=\"172\" height=\"104\" src=\"https:\/\/bcdaero.com\/es\/wp-content\/uploads\/2021\/05\/logo-web-172_peqque.png\" class=\"attachment-medium size-medium\" alt=\"\" \/><\/a>\n\t\t\t<\/div><\/figure><figure class='gallery-item'>\n\t\t\t<div class='gallery-icon landscape'>\n\t\t\t\t<a data-elementor-open-lightbox=\"yes\" data-elementor-lightbox-slideshow=\"a665477\" data-elementor-lightbox-title=\"logo-web-172_peque\" data-e-action-hash=\"#elementor-action%3Aaction%3Dlightbox%26settings%3DeyJpZCI6NTQyOCwidXJsIjoiaHR0cHM6XC9cL2JjZGFlcm8uY29tXC9lc1wvd3AtY29udGVudFwvdXBsb2Fkc1wvMjAyMVwvMDVcL2xvZ28td2ViLTE3Ml9wZXF1ZS5wbmciLCJzbGlkZXNob3ciOiJhNjY1NDc3In0%3D\" href='https:\/\/bcdaero.com\/es\/wp-content\/uploads\/2021\/05\/logo-web-172_peque.png'><img loading=\"lazy\" decoding=\"async\" width=\"172\" height=\"104\" src=\"https:\/\/bcdaero.com\/es\/wp-content\/uploads\/2021\/05\/logo-web-172_peque.png\" class=\"attachment-medium size-medium\" alt=\"\" \/><\/a>\n\t\t\t<\/div><\/figure><figure class='gallery-item'>\n\t\t\t<div class='gallery-icon landscape'>\n\t\t\t\t<a data-elementor-open-lightbox=\"yes\" data-elementor-lightbox-slideshow=\"a665477\" data-elementor-lightbox-title=\"mike\" data-e-action-hash=\"#elementor-action%3Aaction%3Dlightbox%26settings%3DeyJpZCI6NTQzOCwidXJsIjoiaHR0cHM6XC9cL2JjZGFlcm8uY29tXC9lc1wvd3AtY29udGVudFwvdXBsb2Fkc1wvMjAyMVwvMDVcL21pa2UuanBnIiwic2xpZGVzaG93IjoiYTY2NTQ3NyJ9\" href='https:\/\/bcdaero.com\/es\/wp-content\/uploads\/2021\/05\/mike.jpg'><img loading=\"lazy\" decoding=\"async\" width=\"172\" height=\"104\" src=\"https:\/\/bcdaero.com\/es\/wp-content\/uploads\/2021\/05\/mike.jpg\" class=\"attachment-medium size-medium\" alt=\"\" \/><\/a>\n\t\t\t<\/div><\/figure><figure class='gallery-item'>\n\t\t\t<div class='gallery-icon landscape'>\n\t\t\t\t<a data-elementor-open-lightbox=\"yes\" data-elementor-lightbox-slideshow=\"a665477\" data-elementor-lightbox-title=\"logo-web-172\" data-e-action-hash=\"#elementor-action%3Aaction%3Dlightbox%26settings%3DeyJpZCI6NTQyMiwidXJsIjoiaHR0cHM6XC9cL2JjZGFlcm8uY29tXC9lc1wvd3AtY29udGVudFwvdXBsb2Fkc1wvMjAyMVwvMDVcL2xvZ28td2ViLTE3Mi5wbmciLCJzbGlkZXNob3ciOiJhNjY1NDc3In0%3D\" href='https:\/\/bcdaero.com\/es\/wp-content\/uploads\/2021\/05\/logo-web-172.png'><img loading=\"lazy\" decoding=\"async\" width=\"172\" height=\"104\" src=\"https:\/\/bcdaero.com\/es\/wp-content\/uploads\/2021\/05\/logo-web-172.png\" class=\"attachment-medium size-medium\" alt=\"\" \/><\/a>\n\t\t\t<\/div><\/figure>\n\t\t<\/div>\n\t\t<\/div>\n\t\t\t\t\t\t<\/div>\n\t\t\t\t<\/div>\n\t\t\t\t<div class=\"elementor-element elementor-element-ffc9b37 elementor-widget elementor-widget-spacer\" data-id=\"ffc9b37\" data-element_type=\"widget\" data-e-type=\"widget\" data-widget_type=\"spacer.default\">\n\t\t\t\t<div class=\"elementor-widget-container\">\n\t\t\t\t\t\t\t<div class=\"elementor-spacer\">\n\t\t\t<div class=\"elementor-spacer-inner\"><\/div>\n\t\t<\/div>\n\t\t\t\t\t\t<\/div>\n\t\t\t\t<\/div>\n\t\t\t\t\t<\/div>\n\t\t<\/div>\n\t\t\t\t\t<\/div>\n\t\t<\/section>\n\t\t\t\t<\/div>\n\t\t","protected":false},"excerpt":{"rendered":"<p>Transformaci\u00f3n digital: el futuro de las operaciones aeroportuarias. La digitalizaci\u00f3n de las operaciones ya es una realidad.\u00a0Hoy en\u00a0d\u00eda, la tecnolog\u00eda se ha convertido en un elemento esencial para la evoluci\u00f3n\u00a0del desarrollo de procesos y metodolog\u00edas en todas las industrias, especialmente en la aeron\u00e1utica.\u00a0 En BCDA Aeronautical Solutions\u00a0trabajamos d\u00eda a d\u00eda para\u00a0crear herramientas\u00a0 tecnol\u00f3gicas innovadoras destinadas [&hellip;]<\/p>\n","protected":false},"author":1,"featured_media":0,"parent":0,"menu_order":0,"comment_status":"closed","ping_status":"closed","template":"","meta":{"footnotes":""},"class_list":["post-5384","page","type-page","status-publish","hentry"],"_links":{"self":[{"href":"https:\/\/bcdaero.com\/es\/wp-json\/wp\/v2\/pages\/5384","targetHints":{"allow":["GET"]}}],"collection":[{"href":"https:\/\/bcdaero.com\/es\/wp-json\/wp\/v2\/pages"}],"about":[{"href":"https:\/\/bcdaero.com\/es\/wp-json\/wp\/v2\/types\/page"}],"author":[{"embeddable":true,"href":"https:\/\/bcdaero.com\/es\/wp-json\/wp\/v2\/users\/1"}],"replies":[{"embeddable":true,"href":"https:\/\/bcdaero.com\/es\/wp-json\/wp\/v2\/comments?post=5384"}],"version-history":[{"count":28,"href":"https:\/\/bcdaero.com\/es\/wp-json\/wp\/v2\/pages\/5384\/revisions"}],"predecessor-version":[{"id":5448,"href":"https:\/\/bcdaero.com\/es\/wp-json\/wp\/v2\/pages\/5384\/revisions\/5448"}],"wp:attachment":[{"href":"https:\/\/bcdaero.com\/es\/wp-json\/wp\/v2\/media?parent=5384"}],"curies":[{"name":"wp","href":"https:\/\/api.w.org\/{rel}","templated":true}]}}